{"id":171,"date":"2024-11-05T12:15:29","date_gmt":"2024-11-05T11:15:29","guid":{"rendered":"https:\/\/kristinhide.no\/?page_id=171"},"modified":"2024-11-18T12:26:42","modified_gmt":"2024-11-18T11:26:42","slug":"referanser","status":"publish","type":"page","link":"https:\/\/kristinhide.no\/index.php\/referanser\/","title":{"rendered":"Referanser"},"content":{"rendered":"\n<p>\u00abDet var en dr\u00f8m \u00e5 samarbeide med Kristin. Lett \u00e5 kommunisere med, rask respons, og fantastisk leveranse. Hun var ogs\u00e5 behjelpelig med andre deler av prosessen, s\u00e5 leverte mer enn jeg forventet. Gleder meg til \u00e5 bruke Kristin igjen p\u00e5 neste bok!\u00bb<\/p>\n\n\n\n<p>Fredrik Fornes, forfatter av boken <em>Ingen bryr seg om karrieren din &#8211; f\u00f8r du selv gj\u00f8r det<\/em><\/p>\n\n\n\n<hr class=\"wp-block-separator aligncenter has-text-color has-accent-color has-alpha-channel-opacity has-accent-background-color has-background\"\/>\n\n\n\n<p>\u00abKristin hjalp meg med redigering og spr\u00e5kvask av min f\u00f8rste bok, og hun kan varmt anbefales. Kristin er tydelig og veldig god til \u00e5 se alternative l\u00f8sninger der man selv har sett seg blind. Takket v\u00e6re Kristin l\u00f8ftet manuset mitt seg et par hakk. At hun i tillegg alltid er blid, im\u00f8tekommende og svarer kjapt, er en ekstrabonus. Jeg kommer definitivt til \u00e5 benytte meg av Kristin om jeg skriver bok igjen. Hun s\u00f8rget for at jeg f\u00f8lte meg trygg og ivaretatt i en ellers ganske strevsom og skummel prosess som det er \u00e5 gi ut bok.\u00bb&nbsp;<\/p>\n\n\n\n<p>Ingvild Sm\u00f8rvik, forfatter av boken <em>Rosa f\u00f8kkings sl\u00f8yfe &#8211; avdeling V\u00e5lerenga<\/em><\/p>\n\n\n\n<hr class=\"wp-block-separator aligncenter has-text-color has-accent-color has-alpha-channel-opacity has-accent-background-color has-background\"\/>\n\n\n\n<p>\u00abKj\u00e6re Kristin, Viola forlag er sv\u00e6rt forn\u00f8yd med samarbeidet med deg. Din struktur og refleksjon, kombinert med din brede kunnskap og genuine engasjement, har virkelig bidratt til \u00e5 heve kvaliteten p\u00e5 prosjektet. Du er en profesjonell og p\u00e5litelig redakt\u00f8r og samarbeidspartner som alltid overholder tidsfrister, og du bringer en positiv energi og glimt i \u00f8yet som gj\u00f8r prosessen b\u00e5de inspirerende og effektiv. Vi ser frem til fortsatt godt samarbeid p\u00e5 kommende b\u00f8ker.\u00bb<\/p>\n\n\n\n<p>Rune Jensen, Viola forlag, utgiver av <em>Tuva skaffer hjelp <\/em><em>&#8211; en serie om f\u00f8rstehjelp for voksne og barn<\/em><\/p>\n\n\n\n<hr class=\"wp-block-separator has-text-color has-accent-color has-alpha-channel-opacity has-accent-background-color has-background\"\/>\n\n\n\n<p>\u00abMine varmeste anbefalinger g\u00e5r til Kristin Hide, som har v\u00e6rt redakt\u00f8r for boken&nbsp;<em>I tilfelle krig<\/em>&nbsp;(Seth Laurengas, 2024). \u00c5 samarbeide med Kristin har v\u00e6rt en sann glede; hun er tilgjengelig, gir raske og grundige tilbakemeldinger, og leverer korrekturarbeid av h\u00f8yeste kvalitet. Med sitt skarpe blikk for detaljer, ser hun det f\u00e5 andre ville oppdaget. Dette gj\u00f8r henne til v\u00e5rt f\u00f8rstevalg som redakt\u00f8r, gang p\u00e5 gang.\u00bb <\/p>\n\n\n\n<p>Pia Haugseth, Piamo AS, utgiver av boken <em>I tilfelle krig<\/em><\/p>\n","protected":false},"excerpt":{"rendered":"<p>\u00abDet var en dr\u00f8m \u00e5 samarbeide med Kristin. Lett \u00e5 kommunisere med, rask respons, og fantastisk leveranse. Hun var ogs\u00e5 behjelpelig med andre deler av prosessen, s\u00e5 leverte mer enn jeg forventet. Gleder meg til \u00e5 bruke Kristin igjen p\u00e5 neste bok!\u00bb Fredrik Fornes, forfatter av boken Ingen bryr seg om karrieren din &#8211; f\u00f8r &#8230; <a title=\"Referanser\" class=\"read-more\" href=\"https:\/\/kristinhide.no\/index.php\/referanser\/\" aria-label=\"Read more about Referanser\">Les mer<\/a><\/p>\n","protected":false},"author":1,"featured_media":0,"parent":0,"menu_order":0,"comment_status":"closed","ping_status":"closed","template":"","meta":{"footnotes":""},"class_list":["post-171","page","type-page","status-publish"],"yoast_head":"<!-- This site is optimized with the Yoast SEO plugin v23.8 - https:\/\/yoast.com\/wordpress\/plugins\/seo\/ -->\n<title>Referanser - Hide Teksttjenester AS<\/title>\n<meta name=\"robots\" content=\"index, follow, max-snippet:-1, max-image-preview:large, max-video-preview:-1\" \/>\n<link rel=\"canonical\" href=\"https:\/\/kristinhide.no\/index.php\/referanser\/\" \/>\n<meta property=\"og:locale\" content=\"nb_NO\" \/>\n<meta property=\"og:type\" content=\"article\" \/>\n<meta property=\"og:title\" content=\"Referanser - Hide Teksttjenester AS\" \/>\n<meta property=\"og:description\" content=\"\u00abDet var en dr\u00f8m \u00e5 samarbeide med Kristin. Lett \u00e5 kommunisere med, rask respons, og fantastisk leveranse. Hun var ogs\u00e5 behjelpelig med andre deler av prosessen, s\u00e5 leverte mer enn jeg forventet. Gleder meg til \u00e5 bruke Kristin igjen p\u00e5 neste bok!\u00bb Fredrik Fornes, forfatter av boken Ingen bryr seg om karrieren din &#8211; f\u00f8r ... Les mer\" \/>\n<meta property=\"og:url\" content=\"https:\/\/kristinhide.no\/index.php\/referanser\/\" \/>\n<meta property=\"og:site_name\" content=\"Hide Teksttjenester AS\" \/>\n<meta property=\"article:modified_time\" content=\"2024-11-18T11:26:42+00:00\" \/>\n<meta name=\"twitter:card\" content=\"summary_large_image\" \/>\n<meta name=\"twitter:label1\" content=\"Ansl. lesetid\" \/>\n\t<meta name=\"twitter:data1\" content=\"2 minutter\" \/>\n<script type=\"application\/ld+json\" class=\"yoast-schema-graph\">{\"@context\":\"https:\/\/schema.org\",\"@graph\":[{\"@type\":\"WebPage\",\"@id\":\"https:\/\/kristinhide.no\/index.php\/referanser\/\",\"url\":\"https:\/\/kristinhide.no\/index.php\/referanser\/\",\"name\":\"Referanser - Hide Teksttjenester AS\",\"isPartOf\":{\"@id\":\"https:\/\/kristinhide.no\/#website\"},\"datePublished\":\"2024-11-05T11:15:29+00:00\",\"dateModified\":\"2024-11-18T11:26:42+00:00\",\"breadcrumb\":{\"@id\":\"https:\/\/kristinhide.no\/index.php\/referanser\/#breadcrumb\"},\"inLanguage\":\"nb-NO\",\"potentialAction\":[{\"@type\":\"ReadAction\",\"target\":[\"https:\/\/kristinhide.no\/index.php\/referanser\/\"]}]},{\"@type\":\"BreadcrumbList\",\"@id\":\"https:\/\/kristinhide.no\/index.php\/referanser\/#breadcrumb\",\"itemListElement\":[{\"@type\":\"ListItem\",\"position\":1,\"name\":\"Hjem\",\"item\":\"https:\/\/kristinhide.no\/\"},{\"@type\":\"ListItem\",\"position\":2,\"name\":\"Referanser\"}]},{\"@type\":\"WebSite\",\"@id\":\"https:\/\/kristinhide.no\/#website\",\"url\":\"https:\/\/kristinhide.no\/\",\"name\":\"Hide Teksttjenester AS\",\"description\":\"\",\"publisher\":{\"@id\":\"https:\/\/kristinhide.no\/#organization\"},\"potentialAction\":[{\"@type\":\"SearchAction\",\"target\":{\"@type\":\"EntryPoint\",\"urlTemplate\":\"https:\/\/kristinhide.no\/?s={search_term_string}\"},\"query-input\":{\"@type\":\"PropertyValueSpecification\",\"valueRequired\":true,\"valueName\":\"search_term_string\"}}],\"inLanguage\":\"nb-NO\"},{\"@type\":\"Organization\",\"@id\":\"https:\/\/kristinhide.no\/#organization\",\"name\":\"Hide Teksttjenester AS\",\"url\":\"https:\/\/kristinhide.no\/\",\"logo\":{\"@type\":\"ImageObject\",\"inLanguage\":\"nb-NO\",\"@id\":\"https:\/\/kristinhide.no\/#\/schema\/logo\/image\/\",\"url\":\"https:\/\/kristinhide.no\/wp-content\/uploads\/2024\/10\/cropped-feminine-desk-mockup-scene-0410-5697821-1-2.jpg\",\"contentUrl\":\"https:\/\/kristinhide.no\/wp-content\/uploads\/2024\/10\/cropped-feminine-desk-mockup-scene-0410-5697821-1-2.jpg\",\"width\":818,\"height\":375,\"caption\":\"Hide Teksttjenester AS\"},\"image\":{\"@id\":\"https:\/\/kristinhide.no\/#\/schema\/logo\/image\/\"}}]}<\/script>\n<!-- \/ Yoast SEO plugin. -->","yoast_head_json":{"title":"Referanser - Hide Teksttjenester AS","robots":{"index":"index","follow":"follow","max-snippet":"max-snippet:-1","max-image-preview":"max-image-preview:large","max-video-preview":"max-video-preview:-1"},"canonical":"https:\/\/kristinhide.no\/index.php\/referanser\/","og_locale":"nb_NO","og_type":"article","og_title":"Referanser - Hide Teksttjenester AS","og_description":"\u00abDet var en dr\u00f8m \u00e5 samarbeide med Kristin. Lett \u00e5 kommunisere med, rask respons, og fantastisk leveranse. Hun var ogs\u00e5 behjelpelig med andre deler av prosessen, s\u00e5 leverte mer enn jeg forventet. Gleder meg til \u00e5 bruke Kristin igjen p\u00e5 neste bok!\u00bb Fredrik Fornes, forfatter av boken Ingen bryr seg om karrieren din &#8211; f\u00f8r ... Les mer","og_url":"https:\/\/kristinhide.no\/index.php\/referanser\/","og_site_name":"Hide Teksttjenester AS","article_modified_time":"2024-11-18T11:26:42+00:00","twitter_card":"summary_large_image","twitter_misc":{"Ansl. lesetid":"2 minutter"},"schema":{"@context":"https:\/\/schema.org","@graph":[{"@type":"WebPage","@id":"https:\/\/kristinhide.no\/index.php\/referanser\/","url":"https:\/\/kristinhide.no\/index.php\/referanser\/","name":"Referanser - Hide Teksttjenester AS","isPartOf":{"@id":"https:\/\/kristinhide.no\/#website"},"datePublished":"2024-11-05T11:15:29+00:00","dateModified":"2024-11-18T11:26:42+00:00","breadcrumb":{"@id":"https:\/\/kristinhide.no\/index.php\/referanser\/#breadcrumb"},"inLanguage":"nb-NO","potentialAction":[{"@type":"ReadAction","target":["https:\/\/kristinhide.no\/index.php\/referanser\/"]}]},{"@type":"BreadcrumbList","@id":"https:\/\/kristinhide.no\/index.php\/referanser\/#breadcrumb","itemListElement":[{"@type":"ListItem","position":1,"name":"Hjem","item":"https:\/\/kristinhide.no\/"},{"@type":"ListItem","position":2,"name":"Referanser"}]},{"@type":"WebSite","@id":"https:\/\/kristinhide.no\/#website","url":"https:\/\/kristinhide.no\/","name":"Hide Teksttjenester AS","description":"","publisher":{"@id":"https:\/\/kristinhide.no\/#organization"},"potentialAction":[{"@type":"SearchAction","target":{"@type":"EntryPoint","urlTemplate":"https:\/\/kristinhide.no\/?s={search_term_string}"},"query-input":{"@type":"PropertyValueSpecification","valueRequired":true,"valueName":"search_term_string"}}],"inLanguage":"nb-NO"},{"@type":"Organization","@id":"https:\/\/kristinhide.no\/#organization","name":"Hide Teksttjenester AS","url":"https:\/\/kristinhide.no\/","logo":{"@type":"ImageObject","inLanguage":"nb-NO","@id":"https:\/\/kristinhide.no\/#\/schema\/logo\/image\/","url":"https:\/\/kristinhide.no\/wp-content\/uploads\/2024\/10\/cropped-feminine-desk-mockup-scene-0410-5697821-1-2.jpg","contentUrl":"https:\/\/kristinhide.no\/wp-content\/uploads\/2024\/10\/cropped-feminine-desk-mockup-scene-0410-5697821-1-2.jpg","width":818,"height":375,"caption":"Hide Teksttjenester AS"},"image":{"@id":"https:\/\/kristinhide.no\/#\/schema\/logo\/image\/"}}]}},"_links":{"self":[{"href":"https:\/\/kristinhide.no\/index.php\/wp-json\/wp\/v2\/pages\/171","targetHints":{"allow":["GET"]}}],"collection":[{"href":"https:\/\/kristinhide.no\/index.php\/wp-json\/wp\/v2\/pages"}],"about":[{"href":"https:\/\/kristinhide.no\/index.php\/wp-json\/wp\/v2\/types\/page"}],"author":[{"embeddable":true,"href":"https:\/\/kristinhide.no\/index.php\/wp-json\/wp\/v2\/users\/1"}],"replies":[{"embeddable":true,"href":"https:\/\/kristinhide.no\/index.php\/wp-json\/wp\/v2\/comments?post=171"}],"version-history":[{"count":20,"href":"https:\/\/kristinhide.no\/index.php\/wp-json\/wp\/v2\/pages\/171\/revisions"}],"predecessor-version":[{"id":245,"href":"https:\/\/kristinhide.no\/index.php\/wp-json\/wp\/v2\/pages\/171\/revisions\/245"}],"wp:attachment":[{"href":"https:\/\/kristinhide.no\/index.php\/wp-json\/wp\/v2\/media?parent=171"}],"curies":[{"name":"wp","href":"https:\/\/api.w.org\/{rel}","templated":true}]}}