{"id":2,"date":"2024-10-29T10:40:41","date_gmt":"2024-10-29T10:40:41","guid":{"rendered":"https:\/\/kristinhide.no\/?page_id=2"},"modified":"2024-11-13T11:04:09","modified_gmt":"2024-11-13T10:04:09","slug":"sample-page","status":"publish","type":"page","link":"https:\/\/kristinhide.no\/","title":{"rendered":"Velkommen"},"content":{"rendered":"\n<div class=\"wp-block-group is-vertical is-layout-flex wp-container-core-group-is-layout-8cf370e7 wp-block-group-is-layout-flex\">\n<div class=\"wp-block-group is-vertical is-content-justification-stretch is-layout-flex wp-container-core-group-is-layout-b16ad781 wp-block-group-is-layout-flex\">\n<p class=\"has-contrast-color has-text-color has-link-color has-medium-font-size wp-elements-ae0ecce98aa4cdead1974179e375fd99\"><strong>Hvilken tekst trenger du hjelp til?<\/strong><\/p>\n\n\n\n<p>Har du en bokid\u00e9, eller kanskje et helt manus?<\/p>\n\n\n\n<p>Dr\u00f8mmer du om \u00e5 skrive en barnebok?<\/p>\n\n\n\n<p>Lokalhistoriebok om bygda du kommer fra?<\/p>\n\n\n\n<p>Jubileumsboka for bedriften eller organisasjonen?<\/p>\n\n\n\n<p>Et magasin eller tidsskrift?<\/p>\n<\/div>\n<\/div>\n\n\n\n<hr class=\"wp-block-separator has-text-color has-accent-color has-alpha-channel-opacity has-accent-background-color has-background\"\/>\n\n\n\n<p>Jeg har mange \u00e5rs erfaring som forlagsredakt\u00f8r, spr\u00e5kvasker og korrekturleser. Klikk p\u00e5 Tjenester i menyen, og ta kontakt for \u00e5 f\u00e5 r\u00e5d om veien videre.<\/p>\n\n\n\n<p><\/p>\n","protected":false},"excerpt":{"rendered":"<p>Hvilken tekst trenger du hjelp til? Har du en bokid\u00e9, eller kanskje et helt manus? Dr\u00f8mmer du om \u00e5 skrive en barnebok? Lokalhistoriebok om bygda du kommer fra? Jubileumsboka for bedriften eller organisasjonen? Et magasin eller tidsskrift? Jeg har mange \u00e5rs erfaring som forlagsredakt\u00f8r, spr\u00e5kvasker og korrekturleser. Klikk p\u00e5 Tjenester i menyen, og ta kontakt &#8230; <a title=\"Velkommen\" class=\"read-more\" href=\"https:\/\/kristinhide.no\/\" aria-label=\"Read more about Velkommen\">Les mer<\/a><\/p>\n","protected":false},"author":1,"featured_media":0,"parent":0,"menu_order":0,"comment_status":"closed","ping_status":"open","template":"","meta":{"footnotes":""},"class_list":["post-2","page","type-page","status-publish"],"yoast_head":"<!-- This site is optimized with the Yoast SEO plugin v23.8 - https:\/\/yoast.com\/wordpress\/plugins\/seo\/ -->\n<title>Velkommen - Hide Teksttjenester AS<\/title>\n<meta name=\"robots\" content=\"index, follow, max-snippet:-1, max-image-preview:large, max-video-preview:-1\" \/>\n<link rel=\"canonical\" href=\"https:\/\/kristinhide.no\/\" \/>\n<meta property=\"og:locale\" content=\"nb_NO\" \/>\n<meta property=\"og:type\" content=\"article\" \/>\n<meta property=\"og:title\" content=\"Velkommen - Hide Teksttjenester AS\" \/>\n<meta property=\"og:description\" content=\"Hvilken tekst trenger du hjelp til? Har du en bokid\u00e9, eller kanskje et helt manus? Dr\u00f8mmer du om \u00e5 skrive en barnebok? Lokalhistoriebok om bygda du kommer fra? Jubileumsboka for bedriften eller organisasjonen? Et magasin eller tidsskrift? Jeg har mange \u00e5rs erfaring som forlagsredakt\u00f8r, spr\u00e5kvasker og korrekturleser. Klikk p\u00e5 Tjenester i menyen, og ta kontakt ... Les mer\" \/>\n<meta property=\"og:url\" content=\"https:\/\/kristinhide.no\/\" \/>\n<meta property=\"og:site_name\" content=\"Hide Teksttjenester AS\" \/>\n<meta property=\"article:modified_time\" content=\"2024-11-13T10:04:09+00:00\" \/>\n<meta name=\"twitter:card\" content=\"summary_large_image\" \/>\n<meta name=\"twitter:label1\" content=\"Ansl. lesetid\" \/>\n\t<meta name=\"twitter:data1\" content=\"1 minutt\" \/>\n<script type=\"application\/ld+json\" class=\"yoast-schema-graph\">{\"@context\":\"https:\/\/schema.org\",\"@graph\":[{\"@type\":\"WebPage\",\"@id\":\"https:\/\/kristinhide.no\/\",\"url\":\"https:\/\/kristinhide.no\/\",\"name\":\"Velkommen - Hide Teksttjenester AS\",\"isPartOf\":{\"@id\":\"https:\/\/kristinhide.no\/#website\"},\"datePublished\":\"2024-10-29T10:40:41+00:00\",\"dateModified\":\"2024-11-13T10:04:09+00:00\",\"breadcrumb\":{\"@id\":\"https:\/\/kristinhide.no\/#breadcrumb\"},\"inLanguage\":\"nb-NO\",\"potentialAction\":[{\"@type\":\"ReadAction\",\"target\":[\"https:\/\/kristinhide.no\/\"]}]},{\"@type\":\"BreadcrumbList\",\"@id\":\"https:\/\/kristinhide.no\/#breadcrumb\",\"itemListElement\":[{\"@type\":\"ListItem\",\"position\":1,\"name\":\"Hjem\",\"item\":\"https:\/\/kristinhide.no\/\"},{\"@type\":\"ListItem\",\"position\":2,\"name\":\"Velkommen\"}]},{\"@type\":\"WebSite\",\"@id\":\"https:\/\/kristinhide.no\/#website\",\"url\":\"https:\/\/kristinhide.no\/\",\"name\":\"Hide Teksttjenester AS\",\"description\":\"\",\"publisher\":{\"@id\":\"https:\/\/kristinhide.no\/#organization\"},\"potentialAction\":[{\"@type\":\"SearchAction\",\"target\":{\"@type\":\"EntryPoint\",\"urlTemplate\":\"https:\/\/kristinhide.no\/?s={search_term_string}\"},\"query-input\":{\"@type\":\"PropertyValueSpecification\",\"valueRequired\":true,\"valueName\":\"search_term_string\"}}],\"inLanguage\":\"nb-NO\"},{\"@type\":\"Organization\",\"@id\":\"https:\/\/kristinhide.no\/#organization\",\"name\":\"Hide Teksttjenester AS\",\"url\":\"https:\/\/kristinhide.no\/\",\"logo\":{\"@type\":\"ImageObject\",\"inLanguage\":\"nb-NO\",\"@id\":\"https:\/\/kristinhide.no\/#\/schema\/logo\/image\/\",\"url\":\"https:\/\/kristinhide.no\/wp-content\/uploads\/2024\/10\/cropped-feminine-desk-mockup-scene-0410-5697821-1-2.jpg\",\"contentUrl\":\"https:\/\/kristinhide.no\/wp-content\/uploads\/2024\/10\/cropped-feminine-desk-mockup-scene-0410-5697821-1-2.jpg\",\"width\":818,\"height\":375,\"caption\":\"Hide Teksttjenester AS\"},\"image\":{\"@id\":\"https:\/\/kristinhide.no\/#\/schema\/logo\/image\/\"}}]}<\/script>\n<!-- \/ Yoast SEO plugin. -->","yoast_head_json":{"title":"Velkommen - Hide Teksttjenester AS","robots":{"index":"index","follow":"follow","max-snippet":"max-snippet:-1","max-image-preview":"max-image-preview:large","max-video-preview":"max-video-preview:-1"},"canonical":"https:\/\/kristinhide.no\/","og_locale":"nb_NO","og_type":"article","og_title":"Velkommen - Hide Teksttjenester AS","og_description":"Hvilken tekst trenger du hjelp til? Har du en bokid\u00e9, eller kanskje et helt manus? Dr\u00f8mmer du om \u00e5 skrive en barnebok? Lokalhistoriebok om bygda du kommer fra? Jubileumsboka for bedriften eller organisasjonen? Et magasin eller tidsskrift? Jeg har mange \u00e5rs erfaring som forlagsredakt\u00f8r, spr\u00e5kvasker og korrekturleser. Klikk p\u00e5 Tjenester i menyen, og ta kontakt ... Les mer","og_url":"https:\/\/kristinhide.no\/","og_site_name":"Hide Teksttjenester AS","article_modified_time":"2024-11-13T10:04:09+00:00","twitter_card":"summary_large_image","twitter_misc":{"Ansl. lesetid":"1 minutt"},"schema":{"@context":"https:\/\/schema.org","@graph":[{"@type":"WebPage","@id":"https:\/\/kristinhide.no\/","url":"https:\/\/kristinhide.no\/","name":"Velkommen - Hide Teksttjenester AS","isPartOf":{"@id":"https:\/\/kristinhide.no\/#website"},"datePublished":"2024-10-29T10:40:41+00:00","dateModified":"2024-11-13T10:04:09+00:00","breadcrumb":{"@id":"https:\/\/kristinhide.no\/#breadcrumb"},"inLanguage":"nb-NO","potentialAction":[{"@type":"ReadAction","target":["https:\/\/kristinhide.no\/"]}]},{"@type":"BreadcrumbList","@id":"https:\/\/kristinhide.no\/#breadcrumb","itemListElement":[{"@type":"ListItem","position":1,"name":"Hjem","item":"https:\/\/kristinhide.no\/"},{"@type":"ListItem","position":2,"name":"Velkommen"}]},{"@type":"WebSite","@id":"https:\/\/kristinhide.no\/#website","url":"https:\/\/kristinhide.no\/","name":"Hide Teksttjenester AS","description":"","publisher":{"@id":"https:\/\/kristinhide.no\/#organization"},"potentialAction":[{"@type":"SearchAction","target":{"@type":"EntryPoint","urlTemplate":"https:\/\/kristinhide.no\/?s={search_term_string}"},"query-input":{"@type":"PropertyValueSpecification","valueRequired":true,"valueName":"search_term_string"}}],"inLanguage":"nb-NO"},{"@type":"Organization","@id":"https:\/\/kristinhide.no\/#organization","name":"Hide Teksttjenester AS","url":"https:\/\/kristinhide.no\/","logo":{"@type":"ImageObject","inLanguage":"nb-NO","@id":"https:\/\/kristinhide.no\/#\/schema\/logo\/image\/","url":"https:\/\/kristinhide.no\/wp-content\/uploads\/2024\/10\/cropped-feminine-desk-mockup-scene-0410-5697821-1-2.jpg","contentUrl":"https:\/\/kristinhide.no\/wp-content\/uploads\/2024\/10\/cropped-feminine-desk-mockup-scene-0410-5697821-1-2.jpg","width":818,"height":375,"caption":"Hide Teksttjenester AS"},"image":{"@id":"https:\/\/kristinhide.no\/#\/schema\/logo\/image\/"}}]}},"_links":{"self":[{"href":"https:\/\/kristinhide.no\/index.php\/wp-json\/wp\/v2\/pages\/2","targetHints":{"allow":["GET"]}}],"collection":[{"href":"https:\/\/kristinhide.no\/index.php\/wp-json\/wp\/v2\/pages"}],"about":[{"href":"https:\/\/kristinhide.no\/index.php\/wp-json\/wp\/v2\/types\/page"}],"author":[{"embeddable":true,"href":"https:\/\/kristinhide.no\/index.php\/wp-json\/wp\/v2\/users\/1"}],"replies":[{"embeddable":true,"href":"https:\/\/kristinhide.no\/index.php\/wp-json\/wp\/v2\/comments?post=2"}],"version-history":[{"count":33,"href":"https:\/\/kristinhide.no\/index.php\/wp-json\/wp\/v2\/pages\/2\/revisions"}],"predecessor-version":[{"id":235,"href":"https:\/\/kristinhide.no\/index.php\/wp-json\/wp\/v2\/pages\/2\/revisions\/235"}],"wp:attachment":[{"href":"https:\/\/kristinhide.no\/index.php\/wp-json\/wp\/v2\/media?parent=2"}],"curies":[{"name":"wp","href":"https:\/\/api.w.org\/{rel}","templated":true}]}}