{"id":21,"date":"2024-10-30T19:59:55","date_gmt":"2024-10-30T18:59:55","guid":{"rendered":"https:\/\/kristinhide.no\/?page_id=21"},"modified":"2024-11-07T15:36:35","modified_gmt":"2024-11-07T14:36:35","slug":"tjenester","status":"publish","type":"page","link":"https:\/\/kristinhide.no\/index.php\/tjenester\/","title":{"rendered":"Tjenester"},"content":{"rendered":"\n<p class=\"has-contrast-color has-text-color has-link-color wp-elements-aa9b8c9dc7b7755f5f852b0166487f80\"><strong>Redakt\u00f8r<\/strong><br>Her f\u00e5r du en grundig manusgjennomgang med blikk p\u00e5 m\u00e5lgruppe, komposisjon, spr\u00e5kstil og eventuelt persongalleri. Du f\u00e5r tilbakemelding i form av merknadsbokser i margen og spor endringer<\/p>\n\n\n\n<p class=\"has-contrast-color has-text-color has-link-color wp-elements-ba1763fbaf29b5d607dc8863b6dc1f22\">Hvor mye tid du \u00f8nsker \u00e5 bestille, avtaler vi i starten av oppdraget. Noe av tiden kan ogs\u00e5 brukes til muntlig tilbakemelding, om du \u00f8nsker det.<\/p>\n\n\n\n<hr class=\"wp-block-separator has-text-color has-accent-color has-alpha-channel-opacity has-accent-background-color has-background is-style-default\"\/>\n\n\n\n<p><strong>Manuskonsulent<\/strong><br>Jeg leser hele eller deler av manus og gir deg en skriftlig tilbakemelding. Her f\u00e5r du ogs\u00e5 r\u00e5d om hvordan du b\u00f8r arbeide videre med teksten for \u00e5 heve kvaliteten.<\/p>\n\n\n\n<p>Hvor mye tid du \u00f8nsker \u00e5 bestille, avtaler vi i starten av oppdraget. Noe av tiden kan ogs\u00e5 brukes til muntlig tilbakemelding, om du \u00f8nsker det.<\/p>\n\n\n\n<hr class=\"wp-block-separator has-text-color has-accent-color has-alpha-channel-opacity has-accent-background-color has-background is-style-default\"\/>\n\n\n\n<p><strong>Spr\u00e5kvask<\/strong><br>Spr\u00e5kvask betyr \u00e5 rydde og rense spr\u00e5ket p\u00e5 setningsniv\u00e5 for \u00e5 gj\u00f8re teksten mer leservennlig. Her jobber jeg med ordvalg, setningsoppbygging og formuleringer, og sikrer god flyt. Jeg retter ogs\u00e5 feil bruk av faste uttrykk.<\/p>\n\n\n\n<p>Underveis blir vi enige om hvilken spr\u00e5kstil du \u00f8nsker i teksten din. Veksling og inkonsekvens i ordvalg og b\u00f8yningsformer gir fort teksten et uryddig og slurvete inntrykk. <\/p>\n\n\n\n<hr class=\"wp-block-separator has-text-color has-accent-color has-alpha-channel-opacity has-accent-background-color has-background is-style-default\"\/>\n\n\n\n<p><strong>Korrektur<\/strong><br>Man retter mye ogs\u00e5 p\u00e5 detaljniv\u00e5 mens man spr\u00e5kvasker. Men i tillegg er det n\u00f8dvendig med en korrektur. Her retter jeg tegnsettingsfeil, s\u00e6rskrivingsfeil, stavefeil og grammatiske feil.<\/p>\n\n\n\n<hr class=\"wp-block-separator has-text-color has-accent-color has-alpha-channel-opacity has-accent-background-color has-background\"\/>\n\n\n\n<p><strong>Hvordan ser teksten ut n\u00e5r du f\u00e5r den tilbake?<\/strong><br>N\u00e5r jeg er ferdig med oppdraget, f\u00e5r du to versjoner av teksten din:<\/p>\n\n\n\n<ul class=\"wp-block-list\">\n<li>En versjon med synlige rettelser i r\u00f8dt (spor endringer) og merknadsbokser i margen.<\/li>\n\n\n\n<li>En versjon hvor de r\u00f8de rettelsene er innarbeidet. Slik kan du enkelt se mitt forslag til endelig tekst.<\/li>\n<\/ul>\n\n\n\n<p>Merknadsboksene er like i begge filer. De kan inneholde forklaring av rettelser eller sp\u00f8rsm\u00e5l om ordvalg og konsekvens.<\/p>\n\n\n\n<hr class=\"wp-block-separator has-text-color has-accent-color has-alpha-channel-opacity has-accent-background-color has-background is-style-default\"\/>\n\n\n\n<p>\u00d8nsker du et pristilbud? Ta kontakt p\u00e5 <a href=\"mailto:krihide@gmail.com\">krihide@gmail.com<\/a>.<\/p>\n\n\n\n<p><\/p>\n","protected":false},"excerpt":{"rendered":"<p>Redakt\u00f8rHer f\u00e5r du en grundig manusgjennomgang med blikk p\u00e5 m\u00e5lgruppe, komposisjon, spr\u00e5kstil og eventuelt persongalleri. Du f\u00e5r tilbakemelding i form av merknadsbokser i margen og spor endringer Hvor mye tid du \u00f8nsker \u00e5 bestille, avtaler vi i starten av oppdraget. Noe av tiden kan ogs\u00e5 brukes til muntlig tilbakemelding, om du \u00f8nsker det. ManuskonsulentJeg leser &#8230; <a title=\"Tjenester\" class=\"read-more\" href=\"https:\/\/kristinhide.no\/index.php\/tjenester\/\" aria-label=\"Read more about Tjenester\">Les mer<\/a><\/p>\n","protected":false},"author":1,"featured_media":0,"parent":0,"menu_order":0,"comment_status":"closed","ping_status":"closed","template":"","meta":{"footnotes":""},"class_list":["post-21","page","type-page","status-publish"],"yoast_head":"<!-- This site is optimized with the Yoast SEO plugin v23.8 - https:\/\/yoast.com\/wordpress\/plugins\/seo\/ -->\n<title>Tjenester - Hide Teksttjenester AS<\/title>\n<meta name=\"robots\" content=\"index, follow, max-snippet:-1, max-image-preview:large, max-video-preview:-1\" \/>\n<link rel=\"canonical\" href=\"https:\/\/kristinhide.no\/index.php\/tjenester\/\" \/>\n<meta property=\"og:locale\" content=\"nb_NO\" \/>\n<meta property=\"og:type\" content=\"article\" \/>\n<meta property=\"og:title\" content=\"Tjenester - Hide Teksttjenester AS\" \/>\n<meta property=\"og:description\" content=\"Redakt\u00f8rHer f\u00e5r du en grundig manusgjennomgang med blikk p\u00e5 m\u00e5lgruppe, komposisjon, spr\u00e5kstil og eventuelt persongalleri. Du f\u00e5r tilbakemelding i form av merknadsbokser i margen og spor endringer Hvor mye tid du \u00f8nsker \u00e5 bestille, avtaler vi i starten av oppdraget. Noe av tiden kan ogs\u00e5 brukes til muntlig tilbakemelding, om du \u00f8nsker det. ManuskonsulentJeg leser ... Les mer\" \/>\n<meta property=\"og:url\" content=\"https:\/\/kristinhide.no\/index.php\/tjenester\/\" \/>\n<meta property=\"og:site_name\" content=\"Hide Teksttjenester AS\" \/>\n<meta property=\"article:modified_time\" content=\"2024-11-07T14:36:35+00:00\" \/>\n<meta name=\"twitter:card\" content=\"summary_large_image\" \/>\n<meta name=\"twitter:label1\" content=\"Ansl. lesetid\" \/>\n\t<meta name=\"twitter:data1\" content=\"1 minutt\" \/>\n<script type=\"application\/ld+json\" class=\"yoast-schema-graph\">{\"@context\":\"https:\/\/schema.org\",\"@graph\":[{\"@type\":\"WebPage\",\"@id\":\"https:\/\/kristinhide.no\/index.php\/tjenester\/\",\"url\":\"https:\/\/kristinhide.no\/index.php\/tjenester\/\",\"name\":\"Tjenester - Hide Teksttjenester AS\",\"isPartOf\":{\"@id\":\"https:\/\/kristinhide.no\/#website\"},\"datePublished\":\"2024-10-30T18:59:55+00:00\",\"dateModified\":\"2024-11-07T14:36:35+00:00\",\"breadcrumb\":{\"@id\":\"https:\/\/kristinhide.no\/index.php\/tjenester\/#breadcrumb\"},\"inLanguage\":\"nb-NO\",\"potentialAction\":[{\"@type\":\"ReadAction\",\"target\":[\"https:\/\/kristinhide.no\/index.php\/tjenester\/\"]}]},{\"@type\":\"BreadcrumbList\",\"@id\":\"https:\/\/kristinhide.no\/index.php\/tjenester\/#breadcrumb\",\"itemListElement\":[{\"@type\":\"ListItem\",\"position\":1,\"name\":\"Hjem\",\"item\":\"https:\/\/kristinhide.no\/\"},{\"@type\":\"ListItem\",\"position\":2,\"name\":\"Tjenester\"}]},{\"@type\":\"WebSite\",\"@id\":\"https:\/\/kristinhide.no\/#website\",\"url\":\"https:\/\/kristinhide.no\/\",\"name\":\"Hide Teksttjenester AS\",\"description\":\"\",\"publisher\":{\"@id\":\"https:\/\/kristinhide.no\/#organization\"},\"potentialAction\":[{\"@type\":\"SearchAction\",\"target\":{\"@type\":\"EntryPoint\",\"urlTemplate\":\"https:\/\/kristinhide.no\/?s={search_term_string}\"},\"query-input\":{\"@type\":\"PropertyValueSpecification\",\"valueRequired\":true,\"valueName\":\"search_term_string\"}}],\"inLanguage\":\"nb-NO\"},{\"@type\":\"Organization\",\"@id\":\"https:\/\/kristinhide.no\/#organization\",\"name\":\"Hide Teksttjenester AS\",\"url\":\"https:\/\/kristinhide.no\/\",\"logo\":{\"@type\":\"ImageObject\",\"inLanguage\":\"nb-NO\",\"@id\":\"https:\/\/kristinhide.no\/#\/schema\/logo\/image\/\",\"url\":\"https:\/\/kristinhide.no\/wp-content\/uploads\/2024\/10\/cropped-feminine-desk-mockup-scene-0410-5697821-1-2.jpg\",\"contentUrl\":\"https:\/\/kristinhide.no\/wp-content\/uploads\/2024\/10\/cropped-feminine-desk-mockup-scene-0410-5697821-1-2.jpg\",\"width\":818,\"height\":375,\"caption\":\"Hide Teksttjenester AS\"},\"image\":{\"@id\":\"https:\/\/kristinhide.no\/#\/schema\/logo\/image\/\"}}]}<\/script>\n<!-- \/ Yoast SEO plugin. -->","yoast_head_json":{"title":"Tjenester - Hide Teksttjenester AS","robots":{"index":"index","follow":"follow","max-snippet":"max-snippet:-1","max-image-preview":"max-image-preview:large","max-video-preview":"max-video-preview:-1"},"canonical":"https:\/\/kristinhide.no\/index.php\/tjenester\/","og_locale":"nb_NO","og_type":"article","og_title":"Tjenester - Hide Teksttjenester AS","og_description":"Redakt\u00f8rHer f\u00e5r du en grundig manusgjennomgang med blikk p\u00e5 m\u00e5lgruppe, komposisjon, spr\u00e5kstil og eventuelt persongalleri. Du f\u00e5r tilbakemelding i form av merknadsbokser i margen og spor endringer Hvor mye tid du \u00f8nsker \u00e5 bestille, avtaler vi i starten av oppdraget. Noe av tiden kan ogs\u00e5 brukes til muntlig tilbakemelding, om du \u00f8nsker det. ManuskonsulentJeg leser ... Les mer","og_url":"https:\/\/kristinhide.no\/index.php\/tjenester\/","og_site_name":"Hide Teksttjenester AS","article_modified_time":"2024-11-07T14:36:35+00:00","twitter_card":"summary_large_image","twitter_misc":{"Ansl. lesetid":"1 minutt"},"schema":{"@context":"https:\/\/schema.org","@graph":[{"@type":"WebPage","@id":"https:\/\/kristinhide.no\/index.php\/tjenester\/","url":"https:\/\/kristinhide.no\/index.php\/tjenester\/","name":"Tjenester - Hide Teksttjenester AS","isPartOf":{"@id":"https:\/\/kristinhide.no\/#website"},"datePublished":"2024-10-30T18:59:55+00:00","dateModified":"2024-11-07T14:36:35+00:00","breadcrumb":{"@id":"https:\/\/kristinhide.no\/index.php\/tjenester\/#breadcrumb"},"inLanguage":"nb-NO","potentialAction":[{"@type":"ReadAction","target":["https:\/\/kristinhide.no\/index.php\/tjenester\/"]}]},{"@type":"BreadcrumbList","@id":"https:\/\/kristinhide.no\/index.php\/tjenester\/#breadcrumb","itemListElement":[{"@type":"ListItem","position":1,"name":"Hjem","item":"https:\/\/kristinhide.no\/"},{"@type":"ListItem","position":2,"name":"Tjenester"}]},{"@type":"WebSite","@id":"https:\/\/kristinhide.no\/#website","url":"https:\/\/kristinhide.no\/","name":"Hide Teksttjenester AS","description":"","publisher":{"@id":"https:\/\/kristinhide.no\/#organization"},"potentialAction":[{"@type":"SearchAction","target":{"@type":"EntryPoint","urlTemplate":"https:\/\/kristinhide.no\/?s={search_term_string}"},"query-input":{"@type":"PropertyValueSpecification","valueRequired":true,"valueName":"search_term_string"}}],"inLanguage":"nb-NO"},{"@type":"Organization","@id":"https:\/\/kristinhide.no\/#organization","name":"Hide Teksttjenester AS","url":"https:\/\/kristinhide.no\/","logo":{"@type":"ImageObject","inLanguage":"nb-NO","@id":"https:\/\/kristinhide.no\/#\/schema\/logo\/image\/","url":"https:\/\/kristinhide.no\/wp-content\/uploads\/2024\/10\/cropped-feminine-desk-mockup-scene-0410-5697821-1-2.jpg","contentUrl":"https:\/\/kristinhide.no\/wp-content\/uploads\/2024\/10\/cropped-feminine-desk-mockup-scene-0410-5697821-1-2.jpg","width":818,"height":375,"caption":"Hide Teksttjenester AS"},"image":{"@id":"https:\/\/kristinhide.no\/#\/schema\/logo\/image\/"}}]}},"_links":{"self":[{"href":"https:\/\/kristinhide.no\/index.php\/wp-json\/wp\/v2\/pages\/21","targetHints":{"allow":["GET"]}}],"collection":[{"href":"https:\/\/kristinhide.no\/index.php\/wp-json\/wp\/v2\/pages"}],"about":[{"href":"https:\/\/kristinhide.no\/index.php\/wp-json\/wp\/v2\/types\/page"}],"author":[{"embeddable":true,"href":"https:\/\/kristinhide.no\/index.php\/wp-json\/wp\/v2\/users\/1"}],"replies":[{"embeddable":true,"href":"https:\/\/kristinhide.no\/index.php\/wp-json\/wp\/v2\/comments?post=21"}],"version-history":[{"count":9,"href":"https:\/\/kristinhide.no\/index.php\/wp-json\/wp\/v2\/pages\/21\/revisions"}],"predecessor-version":[{"id":233,"href":"https:\/\/kristinhide.no\/index.php\/wp-json\/wp\/v2\/pages\/21\/revisions\/233"}],"wp:attachment":[{"href":"https:\/\/kristinhide.no\/index.php\/wp-json\/wp\/v2\/media?parent=21"}],"curies":[{"name":"wp","href":"https:\/\/api.w.org\/{rel}","templated":true}]}}